{"id":8,"date":"2025-04-30T23:51:00","date_gmt":"2025-04-30T21:51:00","guid":{"rendered":"https:\/\/wosp.mdk.ustron.pl\/?page_id=8"},"modified":"2025-12-10T15:07:42","modified_gmt":"2025-12-10T14:07:42","slug":"wosp","status":"publish","type":"page","link":"https:\/\/wosp.mdk.ustron.pl\/","title":{"rendered":"Sztab WO\u015aP w Ustroniu"},"content":{"rendered":"<div class=\"\" style=\"\" >\n    \n    <section class=\"u-clearfix u-valign-middle-lg u-valign-middle-md u-section-2\" id=\"block-1\">\n      <img decoding=\"async\" class=\"u-expanded-width u-image u-image-default u-image-1\" src=\"https:\/\/wosp.mdk.ustron.pl\/wp-content\/uploads\/2025\/12\/06_SLIDE_34_F_ZAGRA_25_01_20261.jpg\" alt=\"\" data-image-width=\"848\" data-image-height=\"386\">\n      <img decoding=\"async\" class=\"u-expanded-width u-image u-image-default u-image-2\" src=\"https:\/\/wosp.mdk.ustron.pl\/wp-content\/uploads\/2025\/12\/ZDJECIE_W_TLE.png\" alt=\"\" data-image-width=\"815\" data-image-height=\"315\">\n    <\/section>\n    <section class=\"u-clearfix u-section-3\" id=\"block-2\">\n      <div class=\"u-clearfix u-sheet u-valign-middle-lg u-sheet-1\">\n        <h1 class=\"u-align-center u-custom-font u-font-lobster u-text u-text-1\">Rejestracja wolontariuszy w naszym sztabie zako\u0144czy\u0142a si\u0119!<br>\n          <br>Sponsor\u00f3w i darczy\u0144c\u00f3w zainteresowanych przekazaniem przedmiot\u00f3w na aukcje zach\u0119camy do kontaktu pod nr tel.<br>+48 854 29 06 (11)<br>\n          <br>Ju\u017c nie d\u0142ugo znajdziecie tu wiecej informacji od Ustro\u0144skiego Sztabu. A tymczasem zobaczcie jak bawili\u015bmy si\u0119 w poprzednich latach.\n        <\/h1>\n        <div class=\"u-video u-video-contain u-video-1\">\n          <div class=\"embed-responsive embed-responsive-1\">\n            <iframe style=\"position: absolute;top: 0;left: 0;width: 100%;height: 100%;\" class=\"embed-responsive-item\" src=\"https:\/\/www.youtube.com\/embed\/Ztvv6wGiNe0?mute=0&amp;showinfo=0&amp;controls=0&amp;start=0\" frameborder=\"0\" allowfullscreen=\"\"><\/iframe>\n          <\/div>\n        <\/div>\n        <div class=\"u-video u-video-contain u-video-2\">\n          <div class=\"embed-responsive embed-responsive-2\">\n            <iframe style=\"position: absolute;top: 0;left: 0;width: 100%;height: 100%;\" class=\"embed-responsive-item\" src=\"https:\/\/www.youtube.com\/embed\/uRF1WW7ppXE?mute=0&amp;showinfo=0&amp;controls=0&amp;start=0\" frameborder=\"0\" allowfullscreen=\"\"><\/iframe>\n          <\/div>\n        <\/div>\n        <div class=\"u-video u-video-contain u-video-3\">\n          <div class=\"embed-responsive embed-responsive-3\">\n            <iframe style=\"position: absolute;top: 0;left: 0;width: 100%;height: 100%;\" class=\"embed-responsive-item\" src=\"https:\/\/www.youtube.com\/embed\/mr4Xf1wG9yM?mute=0&amp;showinfo=0&amp;controls=0&amp;start=0\" frameborder=\"0\" allowfullscreen=\"\"><\/iframe>\n          <\/div>\n        <\/div>\n        <div class=\"u-video u-video-contain u-video-4\">\n          <div class=\"embed-responsive embed-responsive-4\">\n            <iframe style=\"position: absolute;top: 0;left: 0;width: 100%;height: 100%;\" class=\"embed-responsive-item\" src=\"https:\/\/www.youtube.com\/embed\/si8Hvswbq1w?mute=0&amp;showinfo=0&amp;controls=0&amp;start=0\" frameborder=\"0\" allowfullscreen=\"\"><\/iframe>\n          <\/div>\n        <\/div>\n      <\/div>\n    <\/section>\n    \n    \n    \n  \n<\/div>","protected":false},"excerpt":{"rendered":"<p>Rejestracja wolontariuszy w naszym sztabie zako\u0144czy\u0142a si\u0119! Sponsor\u00f3w i darczy\u0144c\u00f3w zainteresowanych przekazaniem przedmiot\u00f3w na aukcje zach\u0119camy do kontaktu pod nr tel.+48 854 29 06 (11) Ju\u017c nie d\u0142ugo znajdziecie tu wiecej informacji od Ustro\u0144skiego Sztabu. A tymczasem zobaczcie jak bawili\u015bmy si\u0119 w poprzednich latach.<\/p>\n","protected":false},"author":2,"featured_media":0,"parent":0,"menu_order":0,"comment_status":"closed","ping_status":"closed","template":"","meta":{"footnotes":""},"class_list":["post-8","page","type-page","status-publish","hentry"],"_links":{"self":[{"href":"https:\/\/wosp.mdk.ustron.pl\/index.php\/wp-json\/wp\/v2\/pages\/8","targetHints":{"allow":["GET"]}}],"collection":[{"href":"https:\/\/wosp.mdk.ustron.pl\/index.php\/wp-json\/wp\/v2\/pages"}],"about":[{"href":"https:\/\/wosp.mdk.ustron.pl\/index.php\/wp-json\/wp\/v2\/types\/page"}],"author":[{"embeddable":true,"href":"https:\/\/wosp.mdk.ustron.pl\/index.php\/wp-json\/wp\/v2\/users\/2"}],"replies":[{"embeddable":true,"href":"https:\/\/wosp.mdk.ustron.pl\/index.php\/wp-json\/wp\/v2\/comments?post=8"}],"version-history":[{"count":6,"href":"https:\/\/wosp.mdk.ustron.pl\/index.php\/wp-json\/wp\/v2\/pages\/8\/revisions"}],"predecessor-version":[{"id":84,"href":"https:\/\/wosp.mdk.ustron.pl\/index.php\/wp-json\/wp\/v2\/pages\/8\/revisions\/84"}],"wp:attachment":[{"href":"https:\/\/wosp.mdk.ustron.pl\/index.php\/wp-json\/wp\/v2\/media?parent=8"}],"curies":[{"name":"wp","href":"https:\/\/api.w.org\/{rel}","templated":true}]}}